{"id":56,"date":"2018-02-02T06:00:21","date_gmt":"2018-02-02T05:00:21","guid":{"rendered":"https:\/\/www.gihag.at\/wp2\/?page_id=56"},"modified":"2019-06-07T19:51:45","modified_gmt":"2019-06-07T17:51:45","slug":"ziele","status":"publish","type":"page","link":"https:\/\/www.gihag.at\/wp2\/ziele\/","title":{"rendered":"Ziele"},"content":{"rendered":"\n<h1>Ziele:<\/h1>\n\n\n\n<h2 style=\"text-align: justify;\">1. Es erweist sich eine \u00c4nderung des Hebeanlagengesetzes dahingehend dringend geboten, da\u00df die Nachr\u00fcstung einer Liftanlage und umso mehr eine Lifterneuerung nur unter der Voraussetzung stattzufinden hat, da\u00df trotz aller regelm\u00e4\u00dfig fachkundig ausgef\u00fchrten Wartungen der weitere Betrieb ohne technische Sicherungsma\u00dfnahmen mit von einem unabh\u00e4ngigen (errichtungs- und verwaltungsfernen) Sachverst\u00e4ndigen festgestellter v\u00f6lliger Sicherheit unausweichlich zu Gefahrensituationen f\u00fcr die Ben\u00fctzer f\u00fchren werde.<\/h2>\n<h2 style=\"text-align: justify;\">2. Eine F\u00f6rderung der Kosten durch das Land Steiermark.<\/h2>\n<h2 style=\"text-align: justify;\">3.&nbsp; Im derzeitigen Gesetz sind die Eigent\u00fcmer mangels Einspruchsrechtes dem Gutd\u00fcnken von Hausverwaltungen und Liftbauunternehmen ausgeliefert.<br>Ein Widerspruchsrecht soll einger\u00e4umt werden.<\/h2>\n<h2 style=\"text-align: justify;\">4. Im StHebAG wird den Bewohnern von Geb\u00e4uden mit Liftanlagen das Recht aberkannt , durch von ihnen beauftragte gerichtlich beeidete Sachverst\u00e4ndige eine vom Standpunkt des als alleinma\u00dfgeblichen erkl\u00e4rten technischen \u00dcberwachungsvereines abweichende anderslautende Beurteilung ins Treffen zu f\u00fchren (\u00a720 Abs.4)<\/h2>\n","protected":false},"excerpt":{"rendered":"<p>Ziele: 1. Es erweist sich eine \u00c4nderung des Hebeanlagengesetzes dahingehend dringend geboten, da\u00df die Nachr\u00fcstung einer Liftanlage und umso mehr eine Lifterneuerung nur unter der Voraussetzung stattzufinden hat, da\u00df trotz aller regelm\u00e4\u00dfig fachkundig ausgef\u00fchrten Wartungen der weitere Betrieb ohne technische Sicherungsma\u00dfnahmen mit von einem unabh\u00e4ngigen (errichtungs- und verwaltungsfernen) Sachverst\u00e4ndigen festgestellter v\u00f6lliger Sicherheit unausweichlich zu Gefahrensituationen f\u00fcr die Ben\u00fctzer f\u00fchren werde. 2. Eine F\u00f6rderung der Kosten durch das Land Steiermark. 3.&nbsp; Im derzeitigen Gesetz sind die Eigent\u00fcmer mangels Einspruchsrechtes dem Gutd\u00fcnken von Hausverwaltungen und Liftbauunternehmen ausgeliefert.Ein Widerspruchsrecht soll einger\u00e4umt werden. 4. Im StHebAG wird den Bewohnern von Geb\u00e4uden mit Liftanlagen das Recht aberkannt , durch von ihnen beauftragte gerichtlich beeidete Sachverst\u00e4ndige [&hellip;]<\/p>\n","protected":false},"author":1,"featured_media":0,"parent":0,"menu_order":0,"comment_status":"closed","ping_status":"closed","template":"","meta":{"ocean_post_layout":"","ocean_both_sidebars_style":"","ocean_both_sidebars_content_width":0,"ocean_both_sidebars_sidebars_width":0,"ocean_sidebar":"0","ocean_second_sidebar":"0","ocean_disable_margins":"enable","ocean_add_body_class":"","ocean_shortcode_before_top_bar":"","ocean_shortcode_after_top_bar":"","ocean_shortcode_before_header":"","ocean_shortcode_after_header":"","ocean_has_shortcode":"","ocean_shortcode_after_title":"","ocean_shortcode_before_footer_widgets":"","ocean_shortcode_after_footer_widgets":"","ocean_shortcode_before_footer_bottom":"","ocean_shortcode_after_footer_bottom":"","ocean_display_top_bar":"default","ocean_display_header":"default","ocean_header_style":"","ocean_center_header_left_menu":"0","ocean_custom_header_template":"0","ocean_custom_logo":0,"ocean_custom_retina_logo":0,"ocean_custom_logo_max_width":0,"ocean_custom_logo_tablet_max_width":0,"ocean_custom_logo_mobile_max_width":0,"ocean_custom_logo_max_height":0,"ocean_custom_logo_tablet_max_height":0,"ocean_custom_logo_mobile_max_height":0,"ocean_header_custom_menu":"0","ocean_menu_typo_font_family":"0","ocean_menu_typo_font_subset":"","ocean_menu_typo_font_size":0,"ocean_menu_typo_font_size_tablet":0,"ocean_menu_typo_font_size_mobile":0,"ocean_menu_typo_font_size_unit":"px","ocean_menu_typo_font_weight":"","ocean_menu_typo_font_weight_tablet":"","ocean_menu_typo_font_weight_mobile":"","ocean_menu_typo_transform":"","ocean_menu_typo_transform_tablet":"","ocean_menu_typo_transform_mobile":"","ocean_menu_typo_line_height":0,"ocean_menu_typo_line_height_tablet":0,"ocean_menu_typo_line_height_mobile":0,"ocean_menu_typo_line_height_unit":"","ocean_menu_typo_spacing":0,"ocean_menu_typo_spacing_tablet":0,"ocean_menu_typo_spacing_mobile":0,"ocean_menu_typo_spacing_unit":"","ocean_menu_link_color":"","ocean_menu_link_color_hover":"","ocean_menu_link_color_active":"","ocean_menu_link_background":"","ocean_menu_link_hover_background":"","ocean_menu_link_active_background":"","ocean_menu_social_links_bg":"","ocean_menu_social_hover_links_bg":"","ocean_menu_social_links_color":"","ocean_menu_social_hover_links_color":"","ocean_disable_title":"default","ocean_disable_heading":"default","ocean_post_title":"","ocean_post_subheading":"","ocean_post_title_style":"","ocean_post_title_background_color":"","ocean_post_title_background":0,"ocean_post_title_bg_image_position":"","ocean_post_title_bg_image_attachment":"","ocean_post_title_bg_image_repeat":"","ocean_post_title_bg_image_size":"","ocean_post_title_height":0,"ocean_post_title_bg_overlay":0.5,"ocean_post_title_bg_overlay_color":"","ocean_disable_breadcrumbs":"default","ocean_breadcrumbs_color":"","ocean_breadcrumbs_separator_color":"","ocean_breadcrumbs_links_color":"","ocean_breadcrumbs_links_hover_color":"","ocean_display_footer_widgets":"default","ocean_display_footer_bottom":"default","ocean_custom_footer_template":"0","osh_disable_topbar_sticky":"default","osh_disable_header_sticky":"default","osh_sticky_header_style":"default","osh_sticky_header_effect":"","osh_custom_sticky_logo":0,"osh_custom_retina_sticky_logo":0,"osh_custom_sticky_logo_height":0,"osh_background_color":"","osh_links_color":"","osh_links_hover_color":"","osh_links_active_color":"","osh_links_bg_color":"","osh_links_hover_bg_color":"","osh_links_active_bg_color":"","osh_menu_social_links_color":"","osh_menu_social_hover_links_color":"","footnotes":""},"class_list":["post-56","page","type-page","status-publish","hentry","entry"],"_links":{"self":[{"href":"https:\/\/www.gihag.at\/wp2\/wp-json\/wp\/v2\/pages\/56","targetHints":{"allow":["GET"]}}],"collection":[{"href":"https:\/\/www.gihag.at\/wp2\/wp-json\/wp\/v2\/pages"}],"about":[{"href":"https:\/\/www.gihag.at\/wp2\/wp-json\/wp\/v2\/types\/page"}],"author":[{"embeddable":true,"href":"https:\/\/www.gihag.at\/wp2\/wp-json\/wp\/v2\/users\/1"}],"replies":[{"embeddable":true,"href":"https:\/\/www.gihag.at\/wp2\/wp-json\/wp\/v2\/comments?post=56"}],"version-history":[{"count":0,"href":"https:\/\/www.gihag.at\/wp2\/wp-json\/wp\/v2\/pages\/56\/revisions"}],"wp:attachment":[{"href":"https:\/\/www.gihag.at\/wp2\/wp-json\/wp\/v2\/media?parent=56"}],"curies":[{"name":"wp","href":"https:\/\/api.w.org\/{rel}","templated":true}]}}