{"id":47,"date":"2018-02-02T06:00:25","date_gmt":"2018-02-02T05:00:25","guid":{"rendered":"https:\/\/www.gihag.at\/wp2\/?page_id=47"},"modified":"2019-06-07T18:43:04","modified_gmt":"2019-06-07T16:43:04","slug":"wer-sind-wir","status":"publish","type":"page","link":"https:\/\/www.gihag.at\/wp2\/wer-sind-wir\/","title":{"rendered":"Wer sind wir"},"content":{"rendered":"\n<h1 class=\"wp-block-heading\">Wer sind wir?<\/h1>\n\n\n\n<p>\nWir haben die\n\n<\/p>\n\n\n\n<h1><strong>GIHAG<br \/>Grazer Initiative Hebe-Anlagen-Gesetz<\/strong><\/h1>\n\n\n\n<p>\ngegr\u00fcndet!\n\n<\/p>\n\n\n\n<ul>\n<li>\n<h2>Wohnen Sie in Graz?<\/h2>\n<\/li>\n<li>\n<h2>Sind Sie Eigent\u00fcmer oder Mieter eines Wohnhauses mit Lift?<\/h2>\n<\/li>\n<li>\n<h2>Sie k\u00f6nnen sich erhebliche finanzielle Mehrbelastungen aufgrund nachtr\u00e4glicher Hebeanlagen Vorschriften nicht leisten?<\/h2>\n<\/li>\n<\/ul>\n\n\n\n<h2 class=\"wp-block-heading\">Dann sind Sie fr\u00fcher oder sp\u00e4ter auch betroffen und sollten sich daher f\u00fcr uns interessieren!<\/h2>\n","protected":false},"excerpt":{"rendered":"<p>Wer sind wir? Wir haben die GIHAGGrazer Initiative Hebe-Anlagen-Gesetz gegr\u00fcndet! Wohnen Sie in Graz? Sind Sie Eigent\u00fcmer oder Mieter eines Wohnhauses mit Lift? Sie k\u00f6nnen sich erhebliche finanzielle Mehrbelastungen aufgrund nachtr\u00e4glicher Hebeanlagen Vorschriften nicht leisten? Dann sind Sie fr\u00fcher oder sp\u00e4ter auch betroffen und sollten sich daher f\u00fcr uns interessieren!<\/p>\n","protected":false},"author":1,"featured_media":0,"parent":0,"menu_order":0,"comment_status":"closed","ping_status":"closed","template":"","meta":{"ocean_post_layout":"","ocean_both_sidebars_style":"","ocean_both_sidebars_content_width":0,"ocean_both_sidebars_sidebars_width":0,"ocean_sidebar":"0","ocean_second_sidebar":"0","ocean_disable_margins":"enable","ocean_add_body_class":"","ocean_shortcode_before_top_bar":"","ocean_shortcode_after_top_bar":"","ocean_shortcode_before_header":"","ocean_shortcode_after_header":"","ocean_has_shortcode":"","ocean_shortcode_after_title":"","ocean_shortcode_before_footer_widgets":"","ocean_shortcode_after_footer_widgets":"","ocean_shortcode_before_footer_bottom":"","ocean_shortcode_after_footer_bottom":"","ocean_display_top_bar":"default","ocean_display_header":"default","ocean_header_style":"","ocean_center_header_left_menu":"0","ocean_custom_header_template":"0","ocean_custom_logo":0,"ocean_custom_retina_logo":0,"ocean_custom_logo_max_width":0,"ocean_custom_logo_tablet_max_width":0,"ocean_custom_logo_mobile_max_width":0,"ocean_custom_logo_max_height":0,"ocean_custom_logo_tablet_max_height":0,"ocean_custom_logo_mobile_max_height":0,"ocean_header_custom_menu":"0","ocean_menu_typo_font_family":"0","ocean_menu_typo_font_subset":"","ocean_menu_typo_font_size":0,"ocean_menu_typo_font_size_tablet":0,"ocean_menu_typo_font_size_mobile":0,"ocean_menu_typo_font_size_unit":"px","ocean_menu_typo_font_weight":"","ocean_menu_typo_font_weight_tablet":"","ocean_menu_typo_font_weight_mobile":"","ocean_menu_typo_transform":"","ocean_menu_typo_transform_tablet":"","ocean_menu_typo_transform_mobile":"","ocean_menu_typo_line_height":0,"ocean_menu_typo_line_height_tablet":0,"ocean_menu_typo_line_height_mobile":0,"ocean_menu_typo_line_height_unit":"","ocean_menu_typo_spacing":0,"ocean_menu_typo_spacing_tablet":0,"ocean_menu_typo_spacing_mobile":0,"ocean_menu_typo_spacing_unit":"","ocean_menu_link_color":"","ocean_menu_link_color_hover":"","ocean_menu_link_color_active":"","ocean_menu_link_background":"","ocean_menu_link_hover_background":"","ocean_menu_link_active_background":"","ocean_menu_social_links_bg":"","ocean_menu_social_hover_links_bg":"","ocean_menu_social_links_color":"","ocean_menu_social_hover_links_color":"","ocean_disable_title":"default","ocean_disable_heading":"default","ocean_post_title":"","ocean_post_subheading":"","ocean_post_title_style":"","ocean_post_title_background_color":"","ocean_post_title_background":0,"ocean_post_title_bg_image_position":"","ocean_post_title_bg_image_attachment":"","ocean_post_title_bg_image_repeat":"","ocean_post_title_bg_image_size":"","ocean_post_title_height":0,"ocean_post_title_bg_overlay":0.5,"ocean_post_title_bg_overlay_color":"","ocean_disable_breadcrumbs":"default","ocean_breadcrumbs_color":"","ocean_breadcrumbs_separator_color":"","ocean_breadcrumbs_links_color":"","ocean_breadcrumbs_links_hover_color":"","ocean_display_footer_widgets":"default","ocean_display_footer_bottom":"default","ocean_custom_footer_template":"0","osh_disable_topbar_sticky":"default","osh_disable_header_sticky":"default","osh_sticky_header_style":"default","osh_sticky_header_effect":"","osh_custom_sticky_logo":0,"osh_custom_retina_sticky_logo":0,"osh_custom_sticky_logo_height":0,"osh_background_color":"","osh_links_color":"","osh_links_hover_color":"","osh_links_active_color":"","osh_links_bg_color":"","osh_links_hover_bg_color":"","osh_links_active_bg_color":"","osh_menu_social_links_color":"","osh_menu_social_hover_links_color":"","footnotes":""},"class_list":["post-47","page","type-page","status-publish","hentry","entry"],"_links":{"self":[{"href":"https:\/\/www.gihag.at\/wp2\/wp-json\/wp\/v2\/pages\/47","targetHints":{"allow":["GET"]}}],"collection":[{"href":"https:\/\/www.gihag.at\/wp2\/wp-json\/wp\/v2\/pages"}],"about":[{"href":"https:\/\/www.gihag.at\/wp2\/wp-json\/wp\/v2\/types\/page"}],"author":[{"embeddable":true,"href":"https:\/\/www.gihag.at\/wp2\/wp-json\/wp\/v2\/users\/1"}],"replies":[{"embeddable":true,"href":"https:\/\/www.gihag.at\/wp2\/wp-json\/wp\/v2\/comments?post=47"}],"version-history":[{"count":0,"href":"https:\/\/www.gihag.at\/wp2\/wp-json\/wp\/v2\/pages\/47\/revisions"}],"wp:attachment":[{"href":"https:\/\/www.gihag.at\/wp2\/wp-json\/wp\/v2\/media?parent=47"}],"curies":[{"name":"wp","href":"https:\/\/api.w.org\/{rel}","templated":true}]}}